{"id":771,"date":"2019-01-11T16:25:47","date_gmt":"2019-01-11T16:25:47","guid":{"rendered":"https:\/\/losamigostulum.com\/blog?page_id=771"},"modified":"2019-01-11T18:19:11","modified_gmt":"2019-01-11T18:19:11","slug":"jobs","status":"publish","type":"page","link":"https:\/\/losamigostulum.com\/blog\/jobs\/","title":{"rendered":"Jobs"},"content":{"rendered":"<p>[vc_row][vc_column offset=&#8221;vc_col-lg-9 vc_col-md-9&#8243;][vc_custom_heading text=&#8221;Te ayudamos a alcanzar tu mayor potencial&#8221; use_theme_fonts=&#8221;yes&#8221; css=&#8221;.vc_custom_1547224318448{margin-bottom: 25px !important;}&#8221;][vc_column_text css=&#8221;.vc_custom_1547224304707{margin-bottom: 60px !important;}&#8221;]<span class=\"text-white opacity6 los-amigos-text-hero letter-spacing-4\">Somos una empresa con pasi\u00f3n, que dise\u00f1a y crea espacios en armon\u00eda con el medio ambiente&#8221;. Nuestra misi\u00f3n es h<span class=\"text-black opacity6 los-amigos-text-hero letter-spacing-4\">acer un impacto positivo por un M\u00e9xico m\u00e1s sustentable. <\/span><br \/>\n<\/span>[\/vc_column_text][vc_custom_heading text=&#8221;Nuestras vacantes disponibles&#8221; use_theme_fonts=&#8221;yes&#8221;][stm_spacer height=&#8221;50&#8243; height_tablet_landscape=&#8221;50&#8243; height_tablet=&#8221;40&#8243; height_mobile=&#8221;40&#8243;][vc_column_text css=&#8221;.vc_custom_1547228277701{margin-bottom: 60px !important;}&#8221;]<span class=\"text-white opacity6 los-amigos-text-hero letter-spacing-4\">\u00a0[jobs] <\/span>[\/vc_column_text][vc_custom_heading text=&#8221;Preguntas frecuentes&#8221; use_theme_fonts=&#8221;yes&#8221; css=&#8221;.vc_custom_1547224462551{margin-bottom: 25px !important;}&#8221;][vc_tta_accordion c_icon=&#8221;chevron&#8221; active_section=&#8221;1&#8243; style=&#8221;outline&#8221; shape=&#8221;square&#8221; color=&#8221;theme_style&#8221; c_position=&#8221;right&#8221;][vc_tta_section title=&#8221;\u00bfQui\u00e9nes somos?&#8221; tab_id=&#8221;1447734797771-9e120a4a-d349&#8243;][vc_column_text]Los Amigos Tulum es una empresa desarrolladora de bienes ra\u00edces comprometida con el desarrollo sustentable.<\/p>\n<p>Dise\u00f1amos, constru\u00edmos y operamos todas nuestras propiedades para ofrecer un servicio integral aclamado por nuestros clientes, socios y empleados.[\/vc_column_text][\/vc_tta_section][vc_tta_section title=&#8221;\u00bfQu\u00e9 tipo de perfiles est\u00e1n buscando?&#8221; tab_id=&#8221;1447734839113-ff62a5f8-66d2&#8243;][vc_column_text]Somos una empresa \u00e1gil y diversa que busca la innovaci\u00f3n en cada una nuestras 8 \u00e1reas de negocio. Buscamos gente comprometida, honesta, diversa y proactiva para cubrir diferentes vacantes en nuestras diferentes \u00e1reas de negocio.[\/vc_column_text][\/vc_tta_section][vc_tta_section title=&#8221;\u00bfPuedo trabajar en Los Amigos si tengo alg\u00fan familiar en la empresa?&#8221; tab_id=&#8221;1447734838300-ee0e3a49-42dc&#8221;][vc_column_text]Si. Si tu familiar o conocido es un amigo de confianza t\u00fa tambi\u00e9n puedes formar parte de nuestro incre\u00edble equipo de trabajo.[\/vc_column_text][\/vc_tta_section][vc_tta_section title=&#8221;\u00bfCual es el lugar de trabajo?&#8221; tab_id=&#8221;1447734836829-fbbe2256-8a36&#8243;][vc_column_text]Nuestras operaciones son en el \u00e1rea de Tulum, Quintana Roo. Contamos con 10 unidades de servicio y un centro de operaciones corporativas ubicado en las oficinas de Central Park Tulum, en la colonia La Veleta.[\/vc_column_text][\/vc_tta_section][vc_tta_section title=&#8221;\u00bfQu\u00e9 prestaciones ofrecen?&#8221; tab_id=&#8221;1447734835466-91e43159-b261&#8243;][vc_column_text]<\/p>\n<ul class=\"no-padding list-style-4 los-amigos-text-small letter-spacing-2\">\n<li>Prestaciones por ley (*seguro, aguinaldo, vacaciones, prima vacacional y prima dominical, entre otras)<\/li>\n<li>Seguro por accidentes<\/li>\n<li>Seguro de vida<\/li>\n<li>Descuentos en las amenidades del grupo<\/li>\n<li>Uniforme<\/li>\n<li>Estabilidad laboral<\/li>\n<li>Pertenecer a una empresa s\u00f3lida y l\u00edder en Tulum<\/li>\n<\/ul>\n<p>[\/vc_column_text][\/vc_tta_section][\/vc_tta_accordion][vc_column_text el_class=&#8221;pull-left&#8221; css=&#8221;.vc_custom_1547230747531{margin-right: 20px !important;padding-top: 15px !important;}&#8221;]\u00bfNo encuentras la vacante que quieres? Env\u00edanos tu CV a reclutamiento@losamigostulum.com[\/vc_column_text][stm_button button_pos=&#8221;left&#8221; button_icon_pos=&#8221;right&#8221; button_icon=&#8221;stmicon-arrow-next2&#8243; button_icon_class=&#8221;custom&#8221; button_icon_color=&#8221;#ffffff&#8221; button_icon_color_hover=&#8221;#ffffff&#8221; button_icon_size=&#8221;14&#8243; button_text_color=&#8221;#ffffff&#8221; button_text_color_hover=&#8221;#ffffff&#8221; c_class=&#8221;pull-left&#8221; link=&#8221;url:%2Ftransportation%2Fcontacts%2F|title:Ask%20now||&#8221;][\/vc_column][\/vc_row]<\/p>\n","protected":false},"excerpt":{"rendered":"<p>[vc_row][vc_column offset=&#8221;vc_col-lg-9 vc_col-md-9&#8243;][vc_custom_heading text=&#8221;Te ayudamos a alcanzar tu mayor potencial&#8221; use_theme_fonts=&#8221;yes&#8221; css=&#8221;.vc_custom_1547224318448{margin-bottom: 25px !important;}&#8221;][vc_column_text css=&#8221;.vc_custom_1547224304707{margin-bottom: 60px !important;}&#8221;]Somos una empresa con pasi\u00f3n, que dise\u00f1a y crea espacios en armon\u00eda con el medio ambiente&#8221;. Nuestra misi\u00f3n es hacer un impacto positivo por un M\u00e9xico m\u00e1s sustentable. [\/vc_column_text][vc_custom_heading text=&#8221;Nuestras vacantes disponibles&#8221; use_theme_fonts=&#8221;yes&#8221;][stm_spacer height=&#8221;50&#8243; height_tablet_landscape=&#8221;50&#8243; height_tablet=&#8221;40&#8243; height_mobile=&#8221;40&#8243;][vc_column_text css=&#8221;.vc_custom_1547228277701{margin-bottom: 60px <\/p>\n","protected":false},"author":1,"featured_media":781,"parent":0,"menu_order":0,"comment_status":"closed","ping_status":"closed","template":"","meta":[],"yoast_head":"<!-- This site is optimized with the Yoast SEO plugin v16.2 - https:\/\/yoast.com\/wordpress\/plugins\/seo\/ -->\n<title>Jobs - Blog | Los Amigos Tulum<\/title>\n<meta name=\"robots\" content=\"index, follow, max-snippet:-1, max-image-preview:large, max-video-preview:-1\" \/>\n<link rel=\"canonical\" href=\"https:\/\/losamigostulum.com\/blog\/jobs\/\" \/>\n<meta property=\"og:locale\" content=\"en_US\" \/>\n<meta property=\"og:type\" content=\"article\" \/>\n<meta property=\"og:title\" content=\"Jobs - Blog | Los Amigos Tulum\" \/>\n<meta property=\"og:description\" content=\"[vc_row][vc_column offset=&#8221;vc_col-lg-9 vc_col-md-9&#8243;][vc_custom_heading text=&#8221;Te ayudamos a alcanzar tu mayor potencial&#8221; use_theme_fonts=&#8221;yes&#8221; css=&#8221;.vc_custom_1547224318448{margin-bottom: 25px !important;}&#8221;][vc_column_text css=&#8221;.vc_custom_1547224304707{margin-bottom: 60px !important;}&#8221;]Somos una empresa con pasi\u00f3n, que dise\u00f1a y crea espacios en armon\u00eda con el medio ambiente&#8221;. Nuestra misi\u00f3n es hacer un impacto positivo por un M\u00e9xico m\u00e1s sustentable. [\/vc_column_text][vc_custom_heading text=&#8221;Nuestras vacantes disponibles&#8221; use_theme_fonts=&#8221;yes&#8221;][stm_spacer height=&#8221;50&#8243; height_tablet_landscape=&#8221;50&#8243; height_tablet=&#8221;40&#8243; height_mobile=&#8221;40&#8243;][vc_column_text css=&#8221;.vc_custom_1547228277701{margin-bottom: 60px\" \/>\n<meta property=\"og:url\" content=\"https:\/\/losamigostulum.com\/blog\/jobs\/\" \/>\n<meta property=\"og:site_name\" content=\"Blog | Los Amigos Tulum\" \/>\n<meta property=\"article:publisher\" content=\"https:\/\/facebook.com\/losamigostulum\" \/>\n<meta property=\"article:modified_time\" content=\"2019-01-11T18:19:11+00:00\" \/>\n<meta property=\"og:image\" content=\"https:\/\/losamigostulum.com\/blog\/wp-content\/uploads\/2019\/01\/los-amigos-team.jpg\" \/>\n\t<meta property=\"og:image:width\" content=\"1200\" \/>\n\t<meta property=\"og:image:height\" content=\"854\" \/>\n<meta name=\"twitter:card\" content=\"summary_large_image\" \/>\n<meta name=\"twitter:label1\" content=\"Est. reading time\">\n\t<meta name=\"twitter:data1\" content=\"3 minutes\">\n<script type=\"application\/ld+json\" class=\"yoast-schema-graph\">{\"@context\":\"https:\/\/schema.org\",\"@graph\":[{\"@type\":\"Organization\",\"@id\":\"https:\/\/losamigostulum.com\/blog\/#organization\",\"name\":\"Los Amigos Tulum\",\"url\":\"https:\/\/losamigostulum.com\/blog\/\",\"sameAs\":[\"https:\/\/facebook.com\/losamigostulum\",\"https:\/\/instagram.com\/losamigostulum\"],\"logo\":{\"@type\":\"ImageObject\",\"@id\":\"https:\/\/losamigostulum.com\/blog\/#logo\",\"inLanguage\":\"en-US\",\"url\":\"https:\/\/losamigostulum.com\/blog\/wp-content\/uploads\/2020\/01\/los-amigos-luxury-design-tulum-alt.png\",\"contentUrl\":\"https:\/\/losamigostulum.com\/blog\/wp-content\/uploads\/2020\/01\/los-amigos-luxury-design-tulum-alt.png\",\"width\":303,\"height\":126,\"caption\":\"Los Amigos Tulum\"},\"image\":{\"@id\":\"https:\/\/losamigostulum.com\/blog\/#logo\"}},{\"@type\":\"WebSite\",\"@id\":\"https:\/\/losamigostulum.com\/blog\/#website\",\"url\":\"https:\/\/losamigostulum.com\/blog\/\",\"name\":\"Los Amigos Tulum\",\"description\":\"The news about Los Amigos Tulum\",\"publisher\":{\"@id\":\"https:\/\/losamigostulum.com\/blog\/#organization\"},\"potentialAction\":[{\"@type\":\"SearchAction\",\"target\":\"https:\/\/losamigostulum.com\/blog\/?s={search_term_string}\",\"query-input\":\"required name=search_term_string\"}],\"inLanguage\":\"en-US\"},{\"@type\":\"ImageObject\",\"@id\":\"https:\/\/losamigostulum.com\/blog\/jobs\/#primaryimage\",\"inLanguage\":\"en-US\",\"url\":\"https:\/\/losamigostulum.com\/blog\/wp-content\/uploads\/2019\/01\/los-amigos-team.jpg\",\"contentUrl\":\"https:\/\/losamigostulum.com\/blog\/wp-content\/uploads\/2019\/01\/los-amigos-team.jpg\",\"width\":1200,\"height\":854},{\"@type\":\"WebPage\",\"@id\":\"https:\/\/losamigostulum.com\/blog\/jobs\/#webpage\",\"url\":\"https:\/\/losamigostulum.com\/blog\/jobs\/\",\"name\":\"Jobs - Blog | Los Amigos Tulum\",\"isPartOf\":{\"@id\":\"https:\/\/losamigostulum.com\/blog\/#website\"},\"primaryImageOfPage\":{\"@id\":\"https:\/\/losamigostulum.com\/blog\/jobs\/#primaryimage\"},\"datePublished\":\"2019-01-11T16:25:47+00:00\",\"dateModified\":\"2019-01-11T18:19:11+00:00\",\"breadcrumb\":{\"@id\":\"https:\/\/losamigostulum.com\/blog\/jobs\/#breadcrumb\"},\"inLanguage\":\"en-US\",\"potentialAction\":[{\"@type\":\"ReadAction\",\"target\":[\"https:\/\/losamigostulum.com\/blog\/jobs\/\"]}]},{\"@type\":\"BreadcrumbList\",\"@id\":\"https:\/\/losamigostulum.com\/blog\/jobs\/#breadcrumb\",\"itemListElement\":[{\"@type\":\"ListItem\",\"position\":1,\"item\":{\"@type\":\"WebPage\",\"@id\":\"https:\/\/losamigostulum.com\/blog\/\",\"url\":\"https:\/\/losamigostulum.com\/blog\/\",\"name\":\"Home\"}},{\"@type\":\"ListItem\",\"position\":2,\"item\":{\"@id\":\"https:\/\/losamigostulum.com\/blog\/jobs\/#webpage\"}}]}]}<\/script>\n<!-- \/ Yoast SEO plugin. -->","_links":{"self":[{"href":"https:\/\/losamigostulum.com\/blog\/wp-json\/wp\/v2\/pages\/771"}],"collection":[{"href":"https:\/\/losamigostulum.com\/blog\/wp-json\/wp\/v2\/pages"}],"about":[{"href":"https:\/\/losamigostulum.com\/blog\/wp-json\/wp\/v2\/types\/page"}],"author":[{"embeddable":true,"href":"https:\/\/losamigostulum.com\/blog\/wp-json\/wp\/v2\/users\/1"}],"replies":[{"embeddable":true,"href":"https:\/\/losamigostulum.com\/blog\/wp-json\/wp\/v2\/comments?post=771"}],"version-history":[{"count":10,"href":"https:\/\/losamigostulum.com\/blog\/wp-json\/wp\/v2\/pages\/771\/revisions"}],"predecessor-version":[{"id":798,"href":"https:\/\/losamigostulum.com\/blog\/wp-json\/wp\/v2\/pages\/771\/revisions\/798"}],"wp:featuredmedia":[{"embeddable":true,"href":"https:\/\/losamigostulum.com\/blog\/wp-json\/wp\/v2\/media\/781"}],"wp:attachment":[{"href":"https:\/\/losamigostulum.com\/blog\/wp-json\/wp\/v2\/media?parent=771"}],"curies":[{"name":"wp","href":"https:\/\/api.w.org\/{rel}","templated":true}]}}